{"id":149,"date":"2026-02-04T11:15:47","date_gmt":"2026-02-04T10:15:47","guid":{"rendered":"https:\/\/tourital.de\/?page_id=149"},"modified":"2026-02-04T11:18:57","modified_gmt":"2026-02-04T10:18:57","slug":"wir-ueber-uns","status":"publish","type":"page","link":"https:\/\/tourital.de\/en\/wir-ueber-uns\/","title":{"rendered":"Wir \u00fcber uns"},"content":{"rendered":"\t\t<div data-elementor-type=\"wp-page\" data-elementor-id=\"149\" class=\"elementor elementor-149\" data-elementor-post-type=\"page\">\n\t\t\t\t<div class=\"elementor-element elementor-element-7924174 e-flex e-con-boxed e-con e-parent\" data-id=\"7924174\" data-element_type=\"container\" data-e-type=\"container\">\n\t\t\t\t\t<div class=\"e-con-inner\">\n\t\t\t\t\t<\/div>\n\t\t\t\t<\/div>\n\t\t<div class=\"elementor-element elementor-element-97823d3 e-flex e-con-boxed e-con e-parent\" data-id=\"97823d3\" data-element_type=\"container\" data-e-type=\"container\">\n\t\t\t\t\t<div class=\"e-con-inner\">\n\t\t\t\t<div class=\"elementor-element elementor-element-e208da5 elementor-widget elementor-widget-heading\" data-id=\"e208da5\" data-element_type=\"widget\" data-e-type=\"widget\" data-widget_type=\"heading.default\">\n\t\t\t\t\t<h1 class=\"elementor-heading-title elementor-size-default\">Wir \u00fcber uns<\/h1>\t\t\t\t<\/div>\n\t\t\t\t\t<\/div>\n\t\t\t\t<\/div>\n\t\t<div class=\"elementor-element elementor-element-c71a134 e-flex e-con-boxed e-con e-parent\" data-id=\"c71a134\" data-element_type=\"container\" data-e-type=\"container\">\n\t\t\t\t\t<div class=\"e-con-inner\">\n\t\t\t\t<div class=\"elementor-element elementor-element-83890ea elementor-widget elementor-widget-spacer\" data-id=\"83890ea\" data-element_type=\"widget\" data-e-type=\"widget\" data-widget_type=\"spacer.default\">\n\t\t\t\t\t\t\t<div class=\"elementor-spacer\">\n\t\t\t<div class=\"elementor-spacer-inner\"><\/div>\n\t\t<\/div>\n\t\t\t\t\t\t<\/div>\n\t\t\t\t\t<\/div>\n\t\t\t\t<\/div>\n\t\t<div class=\"elementor-element elementor-element-30fa259 e-flex e-con-boxed e-con e-parent\" data-id=\"30fa259\" data-element_type=\"container\" data-e-type=\"container\">\n\t\t\t\t\t<div class=\"e-con-inner\">\n\t\t\t\t<div class=\"elementor-element elementor-element-291c4af elementor-widget elementor-widget-text-editor\" data-id=\"291c4af\" data-element_type=\"widget\" data-e-type=\"widget\" data-widget_type=\"text-editor.default\">\n\t\t\t\t\t\t\t\t\t<p>UNSERE GESCHICHTE<\/p>\n<p>Tourital wurde im Fr\u00fchjahr 2015 von den Geschwistern Maria und Thomas Bergmann in Freiburg im Breisgau gegr\u00fcndet. Die Idee entstand w\u00e4hrend einer gemeinsamen Backpacking-Reise durch S\u00fcdostasien, als beide<br>merkten, wie schwer es war, authentische Reiseerlebnisse abseits der Touristenpfade zu finden.<\/p>\n<p>Mit einem Startkapital von 25.000 Euro und einem kleinen B\u00fcro in der Habsburgerstra\u00dfe begann das Abenteuer. Der erste Kunde war \u00fcbrigens Herr Wilhelm Kessler aus Emmendingen, der eine dreiw\u00f6chige Rundreise<br>durch Vietnam buchte &#8211; er reist bis heute jedes Jahr mit uns!<\/p>\n<p>2017 zogen wir in unser heutiges B\u00fcro in der Hauptstra\u00dfe 42, direkt am Freiburger Hauptbahnhof. Im selben Jahr gewannen wir den &#8222;Goldenen Kompass&#8220; des Deutschen Reiseverbands f\u00fcr innovative Reisekonzepte.<\/p>\n<p>2019 erweiterten wir unser Team auf 8 Mitarbeiter und er\u00f6ffneten eine Zweigstelle in Konstanz am Bodensee. Die Pandemie 2020 traf uns hart, aber wir nutzten die Zeit, um unsere digitalen Angebote auszubauen<br>&#8211; heute k\u00f6nnen Kunden ihre komplette Reise online planen und buchen.<\/p>\n<p>Seit 2023 sind wir stolzer Partner von &#8222;Futouris&#8220;, der Nachhaltigkeitsinitiative der deutschen Reisebranche. Wir kompensieren 100% der CO2-Emissionen aller gebuchten Fl\u00fcge.<\/p>\n<p>UNSER TEAM<\/p>\n<p>Maria Bergmann (Gesch\u00e4ftsf\u00fchrerin)<br>Maria ist das Herz von Tourital. Sie hat Tourismus-Management in M\u00fcnchen studiert und spricht flie\u00dfend Deutsch, Englisch, Spanisch und Portugiesisch. Ihre Spezialgebiete sind S\u00fcdamerika und die Karibik. In<br>ihrer Freizeit praktiziert sie Yoga und ist begeisterte Hobby-Fotografin.<\/p>\n<p>Thomas Bergmann (Gesch\u00e4ftsf\u00fchrer)<br>Thomas k\u00fcmmert sich um Finanzen, IT und Partnerschaften. Der studierte Betriebswirt hat zuvor 5 Jahre bei einem gro\u00dfen Reiseveranstalter in Hamburg gearbeitet. Seine Lieblingsregionen sind Skandinavien und<br>Island. Er ist verheiratet und Vater von Zwillingen.<\/p>\n<p>Sandra M\u00fcller (Teamleiterin Beratung)<br>Sandra ist seit 2017 bei uns und betreut unsere anspruchsvollsten Kunden. Sie hat 47 L\u00e4nder bereist und ist unsere Expertin f\u00fcr Luxusreisen und Honeymoon-Trips. Bekannt ist sie f\u00fcr ihre liebevoll<br>zusammengestellten Reiseunterlagen mit handgeschriebenen Tipps.<\/p>\n<p>Markus Weber (Asien-Spezialist)<br>Markus lebte 3 Jahre in Thailand und 2 Jahre in Japan. Er spricht Thai und Japanisch auf Konversationsniveau. Bei ihm sind Sie richtig f\u00fcr alles von Bali bis Hokkaido. Seine Geheimtipps f\u00fcr Street-Food in<br>Bangkok sind legend\u00e4r.<\/p>\n<p>Julia Hofmann (Europa &amp; Mittelmeer)<br>Julia kennt jeden Winkel des Mittelmeers. Ob griechische Inseln, italienische K\u00fcstenst\u00e4dte oder kroatische Nationalparks &#8211; sie findet immer die perfekte Unterkunft. Seit 2022 organisiert sie auch unsere<br>beliebten Gruppenreisen f\u00fcr Alleinreisende.<\/p>\n<p>Alexander Nowak (Abenteuer &amp; Aktivreisen)<br>Alex ist unser Mann f\u00fcr Adrenalin. Bergsteigen in Nepal, Rafting in Costa Rica, Safari in Tansania &#8211; wenn es sportlich wird, ist er der Ansprechpartner. Er ist zertifizierter Bergf\u00fchrer und Tauchlehrer.<\/p>\n<p>Elena Petrov (Kreuzfahrten &amp; Flussreisen)<br>Elena kam 2021 zu uns und brachte 10 Jahre Erfahrung aus der Kreuzfahrtbranche mit. Sie kennt jedes Schiff von AIDA bis Viking pers\u00f6nlich und findet f\u00fcr jeden das passende Deck und die beste Kabine.<\/p>\n<p>Tobias Schmidt (Kundenservice &amp; Buchung)<br>Tobias ist die freundliche Stimme am Telefon. Er bearbeitet Buchungen, k\u00fcmmert sich um Umbuchungen und ist Ihr Ansprechpartner w\u00e4hrend der Reise. Seine Geduld ist unersch\u00f6pflich &#8211; selbst um 22 Uhr am<br>Notfall-Telefon.<\/p>\n<p>UNSERE LEISTUNGEN<\/p>\n<p>Individuelle Reiseplanung<br>Wir erstellen ma\u00dfgeschneiderte Reiserouten basierend auf Ihren W\u00fcnschen. Keine Katalogware &#8211; jede Reise ist ein Unikat. Die Beratung ist kostenlos und unverbindlich, egal wie komplex Ihre W\u00fcnsche sind.<\/p>\n<p>Flug- und Hotelbuchung<br>Wir arbeiten mit \u00fcber 200 Airlines und 50.000 Hotels weltweit zusammen. Durch unsere Rahmenvertr\u00e4ge erhalten Sie oft bessere Preise als bei Direktbuchung. Business Class Upgrades vermitteln wir zum<br>Mitarbeiterpreis.<\/p>\n<p>Reiseversicherungen<br>Als Partner der Allianz Travel und der ERGO Reiseversicherung bieten wir umfassenden Schutz. Reiser\u00fccktritt, Krankenversicherung, Gep\u00e4ckversicherung &#8211; alles aus einer Hand. Jahrespolicen f\u00fcr Vielreisende<br>sind unser Spezialgebiet.<\/p>\n<p>Visa-Service<br>F\u00fcr China, Russland, Indien, Australien und viele weitere L\u00e4nder \u00fcbernehmen wir die komplette Visa-Beschaffung. Bearbeitungszeit in der Regel 5-10 Werktage. Express-Service gegen Aufpreis m\u00f6glich.<\/p>\n<p>Mietwagen &amp; Transfers<br>Vom Kleinwagen bis zum Luxus-SUV, vom Flughafentransfer bis zum Chauffeur-Service &#8211; wir organisieren Ihre Mobilit\u00e4t vor Ort. Tipp: Bei Buchung \u00fcber uns ist der zweite Fahrer oft kostenlos.<\/p>\n<p>Gruppenreisen<br>F\u00fcr Vereine, Firmen oder Freundeskreise ab 10 Personen erstellen wir individuelle Gruppenangebote. Inklusive kostenloser Reiseleiterpl\u00e4tze ab 20 Teilnehmern.<\/p>\n<p>UNSERE WERTE<\/p>\n<p>Pers\u00f6nlich statt anonym<br>Bei uns haben Sie immer einen festen Ansprechpartner. Keine Callcenter, keine Warteschleifen. Wir kennen unsere Kunden beim Namen und erinnern uns an ihre Vorlieben.<\/p>\n<p>Qualit\u00e4t vor Quantit\u00e4t<br>Wir empfehlen nur, was wir selbst getestet haben. Jedes Jahr reisen unsere Mitarbeiter mehrere Wochen, um neue Destinationen und Hotels zu pr\u00fcfen.<\/p>\n<p>Nachhaltig reisen<br>Wir setzen auf Bahnreisen in Europa, unterst\u00fctzen lokale Unterk\u00fcnfte und vermeiden Massentourismus. Seit 2023 sind alle unsere Reisen CO2-kompensiert.<\/p>\n<p>Faire Preise<br>Keine versteckten Kosten, keine b\u00f6sen \u00dcberraschungen. Der Preis, den wir nennen, ist der Preis, den Sie zahlen. Fr\u00fchbucherrabatte geben wir zu 100% weiter.<\/p>\n<p>AUSZEICHNUNGEN &amp; ZERTIFIKATE<\/p>\n<p>&#8211; &#8222;Goldener Kompass&#8220; des Deutschen Reiseverbands (2017)<br>&#8211; T\u00dcV-Siegel &#8222;Gepr\u00fcfte Servicequalit\u00e4t&#8220; (seit 2018)<br>&#8211; Focus Money &#8222;Fairster Reiseveranstalter&#8220; (2022, 2023, 2024)<br>&#8211; Mitglied im DRV (Deutscher Reiseverband)<br>&#8211; Zertifizierter Futouris-Partner f\u00fcr nachhaltiges Reisen<br>&#8211; Google-Bewertung: 4,9 Sterne (387 Bewertungen)<\/p>\n<p>ZAHLEN &amp; FAKTEN<\/p>\n<p>&#8211; Gegr\u00fcndet: M\u00e4rz 2015<br>&#8211; Mitarbeiter: 12 (8 in Freiburg, 4 in Konstanz)<br>&#8211; Gebuchte Reisen pro Jahr: ca. 2.500<br>&#8211; Kundenzufriedenheit: 97% w\u00fcrden uns weiterempfehlen<br>&#8211; Durchschnittlicher Reisepreis: 2.340 Euro pro Person<br>&#8211; Partnerschaften: 200+ Airlines, 50.000+ Hotels<br>&#8211; L\u00e4nder im Portfolio: 127<\/p>\n<p>KONTAKT &amp; \u00d6FFNUNGSZEITEN<\/p>\n<p>Hauptb\u00fcro Freiburg:<br>Tourital GmbH<br>Hauptstra\u00dfe 42<br>79104 Freiburg im Breisgau<br>Telefon: 0761 &#8211; 123 456 78<br>E-Mail: info@tourital.de<\/p>\n<p>Zweigstelle Konstanz:<br>Tourital GmbH<br>Bodanstra\u00dfe 15<br>78462 Konstanz<br>Telefon: 07531 &#8211; 987 654 32<\/p>\n<p>\u00d6ffnungszeiten:<br>Montag bis Freitag: 9:00 &#8211; 18:00 Uhr<br>Samstag: 10:00 &#8211; 14:00 Uhr<br>Sonntag und Feiertage: geschlossen<\/p>\n<p>24-Stunden-Notfall-Hotline f\u00fcr Reisende: 0800 &#8211; 123 456 7 (kostenlos)<\/p>\n<p>Online-Terminbuchung: termine.tourital.de<br>WhatsApp-Beratung: 0170 &#8211; 987 654 32<\/p>\n<p>Folgen Sie uns: @tourital auf Instagram, Facebook, YouTube und TikTok<\/p>\t\t\t\t\t\t\t\t<\/div>\n\t\t\t\t\t<\/div>\n\t\t\t\t<\/div>\n\t\t\t\t<\/div>\n\t\t","protected":false},"excerpt":{"rendered":"<p>Wir \u00fcber uns UNSERE GESCHICHTE Tourital wurde im Fr\u00fchjahr 2015 von den Geschwistern Maria und Thomas Bergmann in Freiburg im Breisgau gegr\u00fcndet. Die Idee entstand w\u00e4hrend einer gemeinsamen Backpacking-Reise durch S\u00fcdostasien, als beidemerkten, wie schwer es war, authentische Reiseerlebnisse abseits der Touristenpfade zu finden. Mit einem Startkapital von 25.000 Euro und einem kleinen B\u00fcro in [&hellip;]<\/p>\n","protected":false},"author":1,"featured_media":0,"parent":0,"menu_order":0,"comment_status":"closed","ping_status":"closed","template":"","meta":{"footnotes":""},"class_list":["post-149","page","type-page","status-publish","hentry"],"_links":{"self":[{"href":"https:\/\/tourital.de\/en\/wp-json\/wp\/v2\/pages\/149","targetHints":{"allow":["GET"]}}],"collection":[{"href":"https:\/\/tourital.de\/en\/wp-json\/wp\/v2\/pages"}],"about":[{"href":"https:\/\/tourital.de\/en\/wp-json\/wp\/v2\/types\/page"}],"author":[{"embeddable":true,"href":"https:\/\/tourital.de\/en\/wp-json\/wp\/v2\/users\/1"}],"replies":[{"embeddable":true,"href":"https:\/\/tourital.de\/en\/wp-json\/wp\/v2\/comments?post=149"}],"version-history":[{"count":10,"href":"https:\/\/tourital.de\/en\/wp-json\/wp\/v2\/pages\/149\/revisions"}],"predecessor-version":[{"id":160,"href":"https:\/\/tourital.de\/en\/wp-json\/wp\/v2\/pages\/149\/revisions\/160"}],"wp:attachment":[{"href":"https:\/\/tourital.de\/en\/wp-json\/wp\/v2\/media?parent=149"}],"curies":[{"name":"wp","href":"https:\/\/api.w.org\/{rel}","templated":true}]}}